{"id":41,"date":"2023-07-03T09:17:12","date_gmt":"2023-07-03T09:17:12","guid":{"rendered":"https:\/\/dinamofilm.it\/?page_id=41"},"modified":"2023-09-27T15:50:52","modified_gmt":"2023-09-27T15:50:52","slug":"incentivi-produzioni-audiovisive","status":"publish","type":"page","link":"https:\/\/dinamofilm.com\/it\/incentivi-produzioni-audiovisive\/","title":{"rendered":"Incentivi"},"content":{"rendered":"[vc_row type=&#8221;in_container&#8221; full_screen_row_position=&#8221;middle&#8221; column_margin=&#8221;default&#8221; column_direction=&#8221;default&#8221; column_direction_tablet=&#8221;default&#8221; column_direction_phone=&#8221;default&#8221; scene_position=&#8221;center&#8221; bottom_padding=&#8221;20px&#8221; text_color=&#8221;dark&#8221; text_align=&#8221;left&#8221; row_border_radius=&#8221;none&#8221; row_border_radius_applies=&#8221;bg&#8221; overflow=&#8221;visible&#8221; id=&#8221;film-in-italy&#8221; overlay_strength=&#8221;0.3&#8243; gradient_direction=&#8221;left_to_right&#8221; shape_divider_position=&#8221;bottom&#8221; bg_image_animation=&#8221;none&#8221; gradient_type=&#8221;default&#8221; shape_type=&#8221;&#8221;][vc_column column_padding=&#8221;no-extra-padding&#8221; column_padding_tablet=&#8221;inherit&#8221; column_padding_phone=&#8221;inherit&#8221; column_padding_position=&#8221;all&#8221; column_element_direction_desktop=&#8221;default&#8221; column_element_spacing=&#8221;default&#8221; desktop_text_alignment=&#8221;default&#8221; tablet_text_alignment=&#8221;default&#8221; phone_text_alignment=&#8221;default&#8221; background_color_opacity=&#8221;1&#8243; background_hover_color_opacity=&#8221;1&#8243; column_backdrop_filter=&#8221;none&#8221; column_shadow=&#8221;none&#8221; column_border_radius=&#8221;none&#8221; column_link_target=&#8221;_self&#8221; column_position=&#8221;default&#8221; gradient_direction=&#8221;left_to_right&#8221; overlay_strength=&#8221;0.3&#8243; width=&#8221;1\/1&#8243; tablet_width_inherit=&#8221;default&#8221; animation_type=&#8221;default&#8221; enable_animation=&#8221;true&#8221; animation=&#8221;fade-in-from-bottom&#8221; animation_easing=&#8221;default&#8221; bg_image_animation=&#8221;none&#8221; border_type=&#8221;simple&#8221; column_border_width=&#8221;none&#8221; column_border_style=&#8221;solid&#8221; column_padding_type=&#8221;default&#8221; gradient_type=&#8221;default&#8221; delay=&#8221;500&#8243; animation_offset=&#8221;99%&#8221;][vc_custom_heading text=&#8221;INCENTIVI&#8221; font_container=&#8221;tag:h1|text_align:left&#8221; use_theme_fonts=&#8221;yes&#8221;][divider line_type=&#8221;No Line&#8221; custom_height=&#8221;20&#8243;][vc_custom_heading text=&#8221;FILM IN ITALY&#8221; font_container=&#8221;tag:h3|text_align:left|color:%23b3b3b3&#8243; use_theme_fonts=&#8221;yes&#8221;][vc_column_text]L\u2019Italia offre incentivi incredibili che portano la produzione cinematografica e audiovisiva ad alti livelli. Il Tax Credit italiano pu\u00f2 far risparmiare fino al 40% (Tusmar 2021, D.M. 11 ott 2022) dei costi ammissibili di produzione (con escluse alcune voci di budget secondo la Tabella B, art.15 l. 220\/2016) e pu\u00f2 essere applicato a lungometraggi, film per la tv, serie web, cortometraggi e videogiochi. I costi ammissibili devono essere sostenuti sul territorio italiano.[\/vc_column_text][vc_custom_heading text=&#8221;NESSUN LIMITE ALLA VOSTRA VISIONE ARTISTICA&#8221; font_container=&#8221;tag:h5|text_align:left|color:%23b3b3b3&#8243; use_theme_fonts=&#8221;yes&#8221;][vc_column_text]Non esiste un tetto massimo di budget per progetto nell\u2019ambito del Tax Credit italiano, e il credito massimo per un\u2019opera internazionale prodotta pu\u00f2 essere fino a 18 milioni di euro, o fino a 9 milioni di euro per opere interamente nazionali.<br \/>\nSolo una societ\u00e0 di produzione italiana pu\u00f2 richiedere il credito d\u2019imposta al Ministero della Cultura attraverso diverse fasi. Nell\u2019ambito del Tax Credit italiano, non esiste alcun limite massimo di budget per i progetti, il che significa che anche le produzioni di grande scala possono beneficiare di questo incentivo.\u00a0 Per le opere internazionali prodotte in Italia, il credito d\u2019imposta massimo pu\u00f2 arrivare fino a 18 milioni di euro, mentre per le produzioni interamente italiane, l&#8217;importo massimo raggiunge 9 milioni di euro. Il Ministero della Cultura apre periodicamente lo sportello per la ricezione delle domande, le quali si possono inoltrare anche se le riprese sono gi\u00e0 state ultimate. La societ\u00e0 che richiede il Tax Credit deve essere una societ\u00e0 di produzione cinematografica italiana, e la domanda comprende diverse fasi, durante le quali il team di esperti Dinamo Film \u00e8 a disposizione per guidarvi in questo processo. Tramite le professionalit\u00e0 e i consulenti Dinamo Film, ci occuperemo di tutte le pratiche necessarie e dei requisiti legali per vostro conto.[\/vc_column_text][\/vc_column][\/vc_row][vc_row type=&#8221;in_container&#8221; full_screen_row_position=&#8221;middle&#8221; column_margin=&#8221;default&#8221; column_direction=&#8221;default&#8221; column_direction_tablet=&#8221;default&#8221; column_direction_phone=&#8221;default&#8221; scene_position=&#8221;center&#8221; top_padding=&#8221;20px&#8221; text_color=&#8221;dark&#8221; text_align=&#8221;left&#8221; row_border_radius=&#8221;none&#8221; row_border_radius_applies=&#8221;bg&#8221; overflow=&#8221;visible&#8221; id=&#8221;film-in-puglia&#8221; overlay_strength=&#8221;0.3&#8243; gradient_direction=&#8221;left_to_right&#8221; shape_divider_position=&#8221;bottom&#8221; bg_image_animation=&#8221;none&#8221; gradient_type=&#8221;default&#8221; shape_type=&#8221;&#8221;][vc_column column_padding=&#8221;no-extra-padding&#8221; column_padding_tablet=&#8221;inherit&#8221; column_padding_phone=&#8221;inherit&#8221; column_padding_position=&#8221;all&#8221; column_element_direction_desktop=&#8221;default&#8221; column_element_spacing=&#8221;default&#8221; desktop_text_alignment=&#8221;default&#8221; tablet_text_alignment=&#8221;default&#8221; phone_text_alignment=&#8221;default&#8221; background_color_opacity=&#8221;1&#8243; background_hover_color_opacity=&#8221;1&#8243; column_backdrop_filter=&#8221;none&#8221; column_shadow=&#8221;none&#8221; column_border_radius=&#8221;none&#8221; column_link_target=&#8221;_self&#8221; column_position=&#8221;default&#8221; gradient_direction=&#8221;left_to_right&#8221; overlay_strength=&#8221;0.3&#8243; width=&#8221;1\/1&#8243; tablet_width_inherit=&#8221;default&#8221; animation_type=&#8221;default&#8221; enable_animation=&#8221;true&#8221; animation=&#8221;fade-in-from-bottom&#8221; animation_easing=&#8221;default&#8221; bg_image_animation=&#8221;none&#8221; border_type=&#8221;simple&#8221; column_border_width=&#8221;none&#8221; column_border_style=&#8221;solid&#8221; column_padding_type=&#8221;default&#8221; gradient_type=&#8221;default&#8221; delay=&#8221;500&#8243; animation_offset=&#8221;99%&#8221;][vc_custom_heading text=&#8221;FILM IN PUGLIA&#8221; font_container=&#8221;tag:h3|text_align:left|color:%23b3b3b3&#8243; use_theme_fonts=&#8221;yes&#8221;][vc_column_text]Una delle regioni pi\u00f9 belle del mondo \u00e8 il luogo perfetto per ambientare il vostro prossimo film. La Puglia, si \u00e8 dimostrata negli ultimi anni non solo una rinomata meta turistica grazie ai suoi paesaggi, ma un ambiente strategico e accogliente per produzioni cinematografiche italiane e straniere.[\/vc_column_text][vc_custom_heading text=&#8221;Contributi della Film Commission&#8221; font_container=&#8221;tag:h5|text_align:left|color:%23b3b3b3&#8243; use_theme_fonts=&#8221;yes&#8221;][vc_column_text css=&#8221;.vc_custom_1695813878087{margin-top: 0px !important;margin-bottom: 30px !important;}&#8221;]L\u2019Apulia Film Commission offre un sostegno finanziario che pu\u00f2 coprire fino al 60% dei costi di produzione sostenuti nella regione Puglia, con un tetto massimo di 320.000 euro (Avviso pubblico AFF 2020). Queste sovvenzioni possono essere cumulative con gli incentivi del Tax Credit.[\/vc_column_text][vc_custom_heading text=&#8221;VARIET\u00c0 DI LOCATION MOZZAFIATO&#8221; font_container=&#8221;tag:h5|text_align:left|color:%23b3b3b3&#8243; use_theme_fonts=&#8221;yes&#8221;][vc_column_text css=&#8221;.vc_custom_1695813909858{margin-top: 0px !important;margin-bottom: 30px !important;}&#8221;]La Puglia \u00e8 un autentico tesoro di paesaggi mozzafiato che costituiscono uno sfondo cinematograficamente ideale. Dalle incantevoli vedute costiere alle affascinanti citt\u00e0 storiche, questa regione \u00e8 celebre per la sua diversit\u00e0 geografica, offrendo una vasta gamma di location per le riprese, tutto concentrato in un&#8217;area relativamente compatta. Che siate alla ricerca spiagge incontaminate, campagne dalle nuance variegate, pittoreschi borghi caratteristici o vivaci paesaggi urbani: la Puglia \u00e8 un set a cielo aperto.[\/vc_column_text][vc_custom_heading text=&#8221;INFRASTRUTTURE A MISURA DI FILM&#8221; font_container=&#8221;tag:h5|text_align:left|color:%23b3b3b3&#8243; use_theme_fonts=&#8221;yes&#8221;][vc_column_text css=&#8221;.vc_custom_1695814052279{margin-top: 0px !important;margin-bottom: 30px !important;}&#8221;]La Puglia ha messo a punto una solida infrastruttura per sostenere le produzioni cinematografiche. La regione offre una vasta gamma di servizi di produzione, che includono il noleggio di attrezzature, l&#8217;accesso a troupe altamente qualificate, strutture di produzione a tariffe competitive, nonch\u00e9 opzioni di alloggio e vantaggi derivanti dalla cooperazione tra aziende locali. Inoltre, le autorit\u00e0 locali si distinguono per la loro estrema collaborazione nella concessione dei permessi e nella semplificazione della logistica delle riprese. Tutto ci\u00f2 pu\u00f2 contribuire in modo significativo a gestire il budget in modo efficiente e a massimizzare le risorse a disposizione. Siamo qui per dare vita alla vostra produzione e per guidarvi attraverso gli incentivi con esperienza e affidabilit\u00e0. La Puglia vi chiama, e la vostra storia \u00e8 pronta per essere raccontata sul suo meraviglioso territorio. LUCI, MOTORE, AZIONE![\/vc_column_text][\/vc_column][\/vc_row][vc_row type=&#8221;in_container&#8221; full_screen_row_position=&#8221;middle&#8221; column_margin=&#8221;default&#8221; column_direction=&#8221;default&#8221; column_direction_tablet=&#8221;default&#8221; column_direction_phone=&#8221;default&#8221; scene_position=&#8221;center&#8221; bottom_margin=&#8221;0&#8243; text_color=&#8221;dark&#8221; text_align=&#8221;left&#8221; row_border_radius=&#8221;none&#8221; row_border_radius_applies=&#8221;bg&#8221; overflow=&#8221;visible&#8221; overlay_strength=&#8221;0.3&#8243; gradient_direction=&#8221;left_to_right&#8221; shape_divider_position=&#8221;bottom&#8221; bg_image_animation=&#8221;none&#8221; gradient_type=&#8221;default&#8221; shape_type=&#8221;&#8221;][vc_column column_padding=&#8221;no-extra-padding&#8221; column_padding_tablet=&#8221;inherit&#8221; column_padding_phone=&#8221;inherit&#8221; column_padding_position=&#8221;all&#8221; column_element_direction_desktop=&#8221;default&#8221; column_element_spacing=&#8221;default&#8221; desktop_text_alignment=&#8221;default&#8221; tablet_text_alignment=&#8221;default&#8221; phone_text_alignment=&#8221;default&#8221; background_color_opacity=&#8221;1&#8243; background_hover_color_opacity=&#8221;1&#8243; column_backdrop_filter=&#8221;none&#8221; column_shadow=&#8221;none&#8221; column_border_radius=&#8221;none&#8221; column_link_target=&#8221;_self&#8221; column_position=&#8221;default&#8221; gradient_direction=&#8221;left_to_right&#8221; overlay_strength=&#8221;0.3&#8243; width=&#8221;1\/1&#8243; tablet_width_inherit=&#8221;default&#8221; animation_type=&#8221;default&#8221; bg_image_animation=&#8221;none&#8221; border_type=&#8221;simple&#8221; column_border_width=&#8221;none&#8221; column_border_style=&#8221;solid&#8221;][carousel script=&#8221;simple_slider&#8221; simple_slider_sizing=&#8221;aspect_ratio&#8221; simple_slider_aspect_ratio=&#8221;2-1&#8243; simple_slider_pagination_controls=&#8221;true&#8221; simple_slider_pagination_coloring=&#8221;light&#8221; simple_slider_pagination_alignment=&#8221;default&#8221; simple_slider_transition_type=&#8221;slide&#8221; simple_slider_wrap=&#8221;true&#8221; autorotate=&#8221;true&#8221; autorotate_type=&#8221;default&#8221; flickity_autorotate_pause_on_hover=&#8221;true&#8221; simple_slider_min_height=&#8221;575px&#8221; autorotation_speed=&#8221;3000&#8243;][item simple_slider_bg_image_url=&#8221;1420&#8243; simple_slider_bg_image_position=&#8221;default&#8221; simple_slider_overlay_strength=&#8221;0.3&#8243; simple_slider_bg_image_loading=&#8221;default&#8221; id=&#8221;1695829838229-2&#8243; tab_id=&#8221;1695829838230-4&#8243; title=&#8221;Item&#8221;][vc_column_text][\/vc_column_text][\/item][item simple_slider_bg_image_url=&#8221;1419&#8243; simple_slider_bg_image_position=&#8221;default&#8221; simple_slider_overlay_strength=&#8221;0.3&#8243; simple_slider_bg_image_loading=&#8221;default&#8221; id=&#8221;1695829838273-10&#8243; tab_id=&#8221;1695829838273-5&#8243; title=&#8221;Item&#8221;][vc_column_text][\/vc_column_text][\/item][item simple_slider_bg_image_url=&#8221;1418&#8243; simple_slider_bg_image_position=&#8221;default&#8221; simple_slider_overlay_strength=&#8221;0.3&#8243; simple_slider_bg_image_loading=&#8221;default&#8221; id=&#8221;1695829838295-4&#8243; tab_id=&#8221;1695829838295-5&#8243; title=&#8221;Item&#8221;][vc_column_text][\/vc_column_text][\/item][\/carousel][\/vc_column][\/vc_row]\n","protected":false},"excerpt":{"rendered":"<p>[vc_row type=&#8221;in_container&#8221; full_screen_row_position=&#8221;middle&#8221; column_margin=&#8221;default&#8221; column_direction=&#8221;default&#8221; column_direction_tablet=&#8221;default&#8221; column_direction_phone=&#8221;default&#8221; scene_position=&#8221;center&#8221; bottom_padding=&#8221;20px&#8221; text_color=&#8221;dark&#8221; text_align=&#8221;left&#8221; row_border_radius=&#8221;none&#8221; row_border_radius_applies=&#8221;bg&#8221; overflow=&#8221;visible&#8221; id=&#8221;film-in-italy&#8221; overlay_strength=&#8221;0.3&#8243; gradient_direction=&#8221;left_to_right&#8221; shape_divider_position=&#8221;bottom&#8221; bg_image_animation=&#8221;none&#8221; gradient_type=&#8221;default&#8221; shape_type=&#8221;&#8221;][vc_column column_padding=&#8221;no-extra-padding&#8221; column_padding_tablet=&#8221;inherit&#8221; column_padding_phone=&#8221;inherit&#8221; column_padding_position=&#8221;all&#8221; column_element_direction_desktop=&#8221;default&#8221; column_element_spacing=&#8221;default&#8221; desktop_text_alignment=&#8221;default&#8221; tablet_text_alignment=&#8221;default&#8221; phone_text_alignment=&#8221;default&#8221;&#8230;<\/p>\n","protected":false},"author":5,"featured_media":0,"parent":0,"menu_order":0,"comment_status":"closed","ping_status":"closed","template":"","meta":{"footnotes":""},"class_list":["post-41","page","type-page","status-publish"],"yoast_head":"<!-- This site is optimized with the Yoast SEO plugin v27.0 - https:\/\/yoast.com\/product\/yoast-seo-wordpress\/ -->\n<title>Dinamo Film - Incentivi<\/title>\n<meta name=\"description\" content=\"Il team di Dinamo Film \u00e8 composto da esperti in grado di guidarvi nell&#039;accesso agli incentivi per produzione di opere audiovisive.\" \/>\n<meta name=\"robots\" content=\"index, follow, max-snippet:-1, max-image-preview:large, max-video-preview:-1\" \/>\n<link rel=\"canonical\" href=\"https:\/\/dinamofilm.com\/it\/incentivi-produzioni-audiovisive\/\" \/>\n<meta property=\"og:locale\" content=\"it_IT\" \/>\n<meta property=\"og:type\" content=\"article\" \/>\n<meta property=\"og:title\" content=\"Dinamo Film - Incentivi\" \/>\n<meta property=\"og:description\" content=\"Il team di Dinamo Film \u00e8 composto da esperti in grado di guidarvi nell&#039;accesso agli incentivi per produzione di opere audiovisive.\" \/>\n<meta property=\"og:url\" content=\"https:\/\/dinamofilm.com\/it\/incentivi-produzioni-audiovisive\/\" \/>\n<meta property=\"og:site_name\" content=\"Dinamo Film\" \/>\n<meta property=\"article:publisher\" content=\"https:\/\/www.facebook.com\/DinamoFilmSrl\" \/>\n<meta property=\"article:modified_time\" content=\"2023-09-27T15:50:52+00:00\" \/>\n<meta property=\"og:image\" content=\"https:\/\/dinamofilm.com\/wp-content\/uploads\/2023\/09\/dinamo-film-lighting-up-stories-production-service.jpg\" \/>\n\t<meta property=\"og:image:width\" content=\"1200\" \/>\n\t<meta property=\"og:image:height\" content=\"675\" \/>\n\t<meta property=\"og:image:type\" content=\"image\/jpeg\" \/>\n<meta name=\"twitter:card\" content=\"summary_large_image\" \/>\n<meta name=\"twitter:label1\" content=\"Tempo di lettura stimato\" \/>\n\t<meta name=\"twitter:data1\" content=\"5 minuti\" \/>\n<script type=\"application\/ld+json\" class=\"yoast-schema-graph\">{\"@context\":\"https:\/\/schema.org\",\"@graph\":[{\"@type\":\"WebPage\",\"@id\":\"https:\/\/dinamofilm.com\/it\/incentivi-produzioni-audiovisive\/\",\"url\":\"https:\/\/dinamofilm.com\/it\/incentivi-produzioni-audiovisive\/\",\"name\":\"Dinamo Film - Incentivi\",\"isPartOf\":{\"@id\":\"https:\/\/dinamofilm.com\/it\/#website\"},\"datePublished\":\"2023-07-03T09:17:12+00:00\",\"dateModified\":\"2023-09-27T15:50:52+00:00\",\"description\":\"Il team di Dinamo Film \u00e8 composto da esperti in grado di guidarvi nell'accesso agli incentivi per produzione di opere audiovisive.\",\"inLanguage\":\"it-IT\",\"potentialAction\":[{\"@type\":\"ReadAction\",\"target\":[\"https:\/\/dinamofilm.com\/it\/incentivi-produzioni-audiovisive\/\"]}]},{\"@type\":\"WebSite\",\"@id\":\"https:\/\/dinamofilm.com\/it\/#website\",\"url\":\"https:\/\/dinamofilm.com\/it\/\",\"name\":\"Dinamo Film\",\"description\":\"Lighting Up Stories\",\"publisher\":{\"@id\":\"https:\/\/dinamofilm.com\/it\/#organization\"},\"potentialAction\":[{\"@type\":\"SearchAction\",\"target\":{\"@type\":\"EntryPoint\",\"urlTemplate\":\"https:\/\/dinamofilm.com\/it\/?s={search_term_string}\"},\"query-input\":{\"@type\":\"PropertyValueSpecification\",\"valueRequired\":true,\"valueName\":\"search_term_string\"}}],\"inLanguage\":\"it-IT\"},{\"@type\":\"Organization\",\"@id\":\"https:\/\/dinamofilm.com\/it\/#organization\",\"name\":\"Dinamo Film\",\"url\":\"https:\/\/dinamofilm.com\/it\/\",\"logo\":{\"@type\":\"ImageObject\",\"inLanguage\":\"it-IT\",\"@id\":\"https:\/\/dinamofilm.com\/it\/#\/schema\/logo\/image\/\",\"url\":\"https:\/\/dinamofilm.com\/wp-content\/uploads\/2023\/09\/dinamo-film-lighting-up-stories.jpg\",\"contentUrl\":\"https:\/\/dinamofilm.com\/wp-content\/uploads\/2023\/09\/dinamo-film-lighting-up-stories.jpg\",\"width\":1200,\"height\":1200,\"caption\":\"Dinamo Film\"},\"image\":{\"@id\":\"https:\/\/dinamofilm.com\/it\/#\/schema\/logo\/image\/\"},\"sameAs\":[\"https:\/\/www.facebook.com\/DinamoFilmSrl\",\"https:\/\/www.youtube.com\/user\/DinamoPreview\",\"https:\/\/www.instagram.com\/dinamofilm\/\",\"https:\/\/vimeo.com\/dinamofilm\",\"https:\/\/www.linkedin.com\/company\/dinamo-film\/\"]}]}<\/script>\n<!-- \/ Yoast SEO plugin. -->","yoast_head_json":{"title":"Dinamo Film - Incentivi","description":"Il team di Dinamo Film \u00e8 composto da esperti in grado di guidarvi nell'accesso agli incentivi per produzione di opere audiovisive.","robots":{"index":"index","follow":"follow","max-snippet":"max-snippet:-1","max-image-preview":"max-image-preview:large","max-video-preview":"max-video-preview:-1"},"canonical":"https:\/\/dinamofilm.com\/it\/incentivi-produzioni-audiovisive\/","og_locale":"it_IT","og_type":"article","og_title":"Dinamo Film - Incentivi","og_description":"Il team di Dinamo Film \u00e8 composto da esperti in grado di guidarvi nell'accesso agli incentivi per produzione di opere audiovisive.","og_url":"https:\/\/dinamofilm.com\/it\/incentivi-produzioni-audiovisive\/","og_site_name":"Dinamo Film","article_publisher":"https:\/\/www.facebook.com\/DinamoFilmSrl","article_modified_time":"2023-09-27T15:50:52+00:00","og_image":[{"width":1200,"height":675,"url":"https:\/\/dinamofilm.com\/wp-content\/uploads\/2023\/09\/dinamo-film-lighting-up-stories-production-service.jpg","type":"image\/jpeg"}],"twitter_card":"summary_large_image","twitter_misc":{"Tempo di lettura stimato":"5 minuti"},"schema":{"@context":"https:\/\/schema.org","@graph":[{"@type":"WebPage","@id":"https:\/\/dinamofilm.com\/it\/incentivi-produzioni-audiovisive\/","url":"https:\/\/dinamofilm.com\/it\/incentivi-produzioni-audiovisive\/","name":"Dinamo Film - Incentivi","isPartOf":{"@id":"https:\/\/dinamofilm.com\/it\/#website"},"datePublished":"2023-07-03T09:17:12+00:00","dateModified":"2023-09-27T15:50:52+00:00","description":"Il team di Dinamo Film \u00e8 composto da esperti in grado di guidarvi nell'accesso agli incentivi per produzione di opere audiovisive.","inLanguage":"it-IT","potentialAction":[{"@type":"ReadAction","target":["https:\/\/dinamofilm.com\/it\/incentivi-produzioni-audiovisive\/"]}]},{"@type":"WebSite","@id":"https:\/\/dinamofilm.com\/it\/#website","url":"https:\/\/dinamofilm.com\/it\/","name":"Dinamo Film","description":"Lighting Up Stories","publisher":{"@id":"https:\/\/dinamofilm.com\/it\/#organization"},"potentialAction":[{"@type":"SearchAction","target":{"@type":"EntryPoint","urlTemplate":"https:\/\/dinamofilm.com\/it\/?s={search_term_string}"},"query-input":{"@type":"PropertyValueSpecification","valueRequired":true,"valueName":"search_term_string"}}],"inLanguage":"it-IT"},{"@type":"Organization","@id":"https:\/\/dinamofilm.com\/it\/#organization","name":"Dinamo Film","url":"https:\/\/dinamofilm.com\/it\/","logo":{"@type":"ImageObject","inLanguage":"it-IT","@id":"https:\/\/dinamofilm.com\/it\/#\/schema\/logo\/image\/","url":"https:\/\/dinamofilm.com\/wp-content\/uploads\/2023\/09\/dinamo-film-lighting-up-stories.jpg","contentUrl":"https:\/\/dinamofilm.com\/wp-content\/uploads\/2023\/09\/dinamo-film-lighting-up-stories.jpg","width":1200,"height":1200,"caption":"Dinamo Film"},"image":{"@id":"https:\/\/dinamofilm.com\/it\/#\/schema\/logo\/image\/"},"sameAs":["https:\/\/www.facebook.com\/DinamoFilmSrl","https:\/\/www.youtube.com\/user\/DinamoPreview","https:\/\/www.instagram.com\/dinamofilm\/","https:\/\/vimeo.com\/dinamofilm","https:\/\/www.linkedin.com\/company\/dinamo-film\/"]}]}},"_links":{"self":[{"href":"https:\/\/dinamofilm.com\/it\/wp-json\/wp\/v2\/pages\/41","targetHints":{"allow":["GET"]}}],"collection":[{"href":"https:\/\/dinamofilm.com\/it\/wp-json\/wp\/v2\/pages"}],"about":[{"href":"https:\/\/dinamofilm.com\/it\/wp-json\/wp\/v2\/types\/page"}],"author":[{"embeddable":true,"href":"https:\/\/dinamofilm.com\/it\/wp-json\/wp\/v2\/users\/5"}],"replies":[{"embeddable":true,"href":"https:\/\/dinamofilm.com\/it\/wp-json\/wp\/v2\/comments?post=41"}],"version-history":[{"count":12,"href":"https:\/\/dinamofilm.com\/it\/wp-json\/wp\/v2\/pages\/41\/revisions"}],"predecessor-version":[{"id":4001,"href":"https:\/\/dinamofilm.com\/it\/wp-json\/wp\/v2\/pages\/41\/revisions\/4001"}],"wp:attachment":[{"href":"https:\/\/dinamofilm.com\/it\/wp-json\/wp\/v2\/media?parent=41"}],"curies":[{"name":"wp","href":"https:\/\/api.w.org\/{rel}","templated":true}]}}